{"id":8489,"date":"2019-03-11T08:13:41","date_gmt":"2019-03-11T08:13:41","guid":{"rendered":"https:\/\/travelhouse.wpengine.com\/?page_id=8489"},"modified":"2023-05-01T23:41:39","modified_gmt":"2023-05-02T04:41:39","slug":"galeria","status":"publish","type":"page","link":"https:\/\/biohotelarara.com.co\/pt\/galeria\/","title":{"rendered":"Galer\u00eda"},"content":{"rendered":"<div class=\"wpb-content-wrapper\"><div class=\"vc_row wpb_row st bg-holder\"><div class='container '><div class='row'>\n\t<div class=\"wpb_column column_container col-md-12\"><div class=\"vc_column-inner wpb_wrapper\">\n\t\t\t    <div class=\"content-text padding-0 st-default\">\r\n        <div class=\"st-text-center\">\r\n            <h2 class=\"text-center  style-3 \">Imagenes<\/h2>\r\n            <div class=\"box__separator  hidden-thumb \"><\/div>\r\n            <div class=\"text-center\">Ven y disfruta de Biohotel Arara<\/div>\r\n        <\/div>\r\n    <\/div>\r\n<div class=\"vc_empty_space\"   style=\"height: 45px\"><span class=\"vc_empty_space_inner\"><\/span><\/div><\/div>\n\t<\/div> \n<\/div><!--End .row--><\/div><!--End .container--><\/div><div class=\"vc_row wpb_row st bg-holder\"><div class='container '><div class='row'>\n\t<div class=\"wpb_column column_container col-md-12\"><div class=\"vc_column-inner wpb_wrapper\">\n\t\t\t\t<div  class=\"list-group-slider\">\r\n        <div class=\"carousel carousel-main\" data-flickity='{ \"prevNextButtons\":false,\"wrapAround\": true, \"pageDots\": true , \"autoPlay\":true }'>\r\n    \t\t        <div class=\"carousel-cell \">\r\n\t            <a class=\"galleryItem\" href=\"https:\/\/biohotelarara.com.co\/wp-content\/uploads\/2015\/02\/DSC6776-2.jpg\" data-group=\"slider\"> <img decoding=\"async\" class=\"group list-group-image\" src=\"https:\/\/biohotelarara.com.co\/wp-content\/uploads\/2015\/02\/DSC6776-2.jpg\" alt=\"_DSC6776-2\" \/><\/a>\r\n\t        <\/div>\r\n\t    \t        <div class=\"carousel-cell  active \">\r\n\t            <a class=\"galleryItem\" href=\"https:\/\/biohotelarara.com.co\/wp-content\/uploads\/2015\/02\/DSC8841-scaled.jpg\" data-group=\"slider\"> <img decoding=\"async\" class=\"group list-group-image\" src=\"https:\/\/biohotelarara.com.co\/wp-content\/uploads\/2015\/02\/DSC8841-scaled.jpg\" alt=\"_DSC8841\" \/><\/a>\r\n\t        <\/div>\r\n\t    \t        <div class=\"carousel-cell \">\r\n\t            <a class=\"galleryItem\" href=\"https:\/\/biohotelarara.com.co\/wp-content\/uploads\/2015\/02\/DSC6528-2.jpg\" data-group=\"slider\"> <img decoding=\"async\" class=\"group list-group-image\" src=\"https:\/\/biohotelarara.com.co\/wp-content\/uploads\/2015\/02\/DSC6528-2.jpg\" alt=\"_DSC6528-2\" \/><\/a>\r\n\t        <\/div>\r\n\t    \t        <div class=\"carousel-cell \">\r\n\t            <a class=\"galleryItem\" href=\"https:\/\/biohotelarara.com.co\/wp-content\/uploads\/2015\/02\/DSC6808-2-scaled.jpg\" data-group=\"slider\"> <img decoding=\"async\" class=\"group list-group-image\" src=\"https:\/\/biohotelarara.com.co\/wp-content\/uploads\/2015\/02\/DSC6808-2-scaled.jpg\" alt=\"_DSC6808-2\" \/><\/a>\r\n\t        <\/div>\r\n\t    \t        <div class=\"carousel-cell \">\r\n\t            <a class=\"galleryItem\" href=\"https:\/\/biohotelarara.com.co\/wp-content\/uploads\/2015\/02\/DSC6840-2-3-scaled.jpg\" data-group=\"slider\"> <img decoding=\"async\" class=\"group list-group-image\" src=\"https:\/\/biohotelarara.com.co\/wp-content\/uploads\/2015\/02\/DSC6840-2-3-scaled.jpg\" alt=\"_DSC6840-2\" \/><\/a>\r\n\t        <\/div>\r\n\t    \t        <div class=\"carousel-cell \">\r\n\t            <a class=\"galleryItem\" href=\"https:\/\/biohotelarara.com.co\/wp-content\/uploads\/2015\/02\/DSC8621-scaled.jpg\" data-group=\"slider\"> <img decoding=\"async\" class=\"group list-group-image\" src=\"https:\/\/biohotelarara.com.co\/wp-content\/uploads\/2015\/02\/DSC8621-scaled.jpg\" alt=\"_DSC8621\" \/><\/a>\r\n\t        <\/div>\r\n\t    \t        <div class=\"carousel-cell \">\r\n\t            <a class=\"galleryItem\" href=\"https:\/\/biohotelarara.com.co\/wp-content\/uploads\/2023\/05\/DSC6790-2-Pano.jpg\" data-group=\"slider\"> <img decoding=\"async\" class=\"group list-group-image\" src=\"https:\/\/biohotelarara.com.co\/wp-content\/uploads\/2023\/05\/DSC6790-2-Pano.jpg\" alt=\"_DSC6790-2-Pano\" \/><\/a>\r\n\t        <\/div>\r\n\t    \t        <div class=\"carousel-cell \">\r\n\t            <a class=\"galleryItem\" href=\"https:\/\/biohotelarara.com.co\/wp-content\/uploads\/2023\/05\/DSC4796-1-scaled.jpg\" data-group=\"slider\"> <img decoding=\"async\" class=\"group list-group-image\" src=\"https:\/\/biohotelarara.com.co\/wp-content\/uploads\/2023\/05\/DSC4796-1-scaled.jpg\" alt=\"_DSC4796\" \/><\/a>\r\n\t        <\/div>\r\n\t    \t        <div class=\"carousel-cell \">\r\n\t            <a class=\"galleryItem\" href=\"https:\/\/biohotelarara.com.co\/wp-content\/uploads\/2023\/05\/U3A8268-scaled.jpg\" data-group=\"slider\"> <img decoding=\"async\" class=\"group list-group-image\" src=\"https:\/\/biohotelarara.com.co\/wp-content\/uploads\/2023\/05\/U3A8268-scaled.jpg\" alt=\"_U3A8268\" \/><\/a>\r\n\t        <\/div>\r\n\t    \t        <div class=\"carousel-cell \">\r\n\t            <a class=\"galleryItem\" href=\"https:\/\/biohotelarara.com.co\/wp-content\/uploads\/2015\/02\/U3A6632-2.jpg\" data-group=\"slider\"> <img decoding=\"async\" class=\"group list-group-image\" src=\"https:\/\/biohotelarara.com.co\/wp-content\/uploads\/2015\/02\/U3A6632-2.jpg\" alt=\"_U3A6632-2\" \/><\/a>\r\n\t        <\/div>\r\n\t    \t        <div class=\"carousel-cell \">\r\n\t            <a class=\"galleryItem\" href=\"https:\/\/biohotelarara.com.co\/wp-content\/uploads\/2015\/02\/DSC8123-scaled.jpg\" data-group=\"slider\"> <img decoding=\"async\" class=\"group list-group-image\" src=\"https:\/\/biohotelarara.com.co\/wp-content\/uploads\/2015\/02\/DSC8123-scaled.jpg\" alt=\"_DSC8123\" \/><\/a>\r\n\t        <\/div>\r\n\t    \t        <div class=\"carousel-cell \">\r\n\t            <a class=\"galleryItem\" href=\"https:\/\/biohotelarara.com.co\/wp-content\/uploads\/2023\/05\/DSC8821-scaled.jpg\" data-group=\"slider\"> <img decoding=\"async\" class=\"group list-group-image\" src=\"https:\/\/biohotelarara.com.co\/wp-content\/uploads\/2023\/05\/DSC8821-scaled.jpg\" alt=\"_DSC8821\" \/><\/a>\r\n\t        <\/div>\r\n\t    \t        <div class=\"carousel-cell \">\r\n\t            <a class=\"galleryItem\" href=\"https:\/\/biohotelarara.com.co\/wp-content\/uploads\/2023\/05\/U3A6716-2.jpg\" data-group=\"slider\"> <img decoding=\"async\" class=\"group list-group-image\" src=\"https:\/\/biohotelarara.com.co\/wp-content\/uploads\/2023\/05\/U3A6716-2.jpg\" alt=\"_U3A6716-2\" \/><\/a>\r\n\t        <\/div>\r\n\t    \t        <div class=\"carousel-cell \">\r\n\t            <a class=\"galleryItem\" href=\"https:\/\/biohotelarara.com.co\/wp-content\/uploads\/2023\/05\/U3A8365-scaled.jpg\" data-group=\"slider\"> <img decoding=\"async\" class=\"group list-group-image\" src=\"https:\/\/biohotelarara.com.co\/wp-content\/uploads\/2023\/05\/U3A8365-scaled.jpg\" alt=\"_U3A8365\" \/><\/a>\r\n\t        <\/div>\r\n\t    \t        <div class=\"carousel-cell \">\r\n\t            <a class=\"galleryItem\" href=\"https:\/\/biohotelarara.com.co\/wp-content\/uploads\/2023\/05\/U3A8399-scaled.jpg\" data-group=\"slider\"> <img decoding=\"async\" class=\"group list-group-image\" src=\"https:\/\/biohotelarara.com.co\/wp-content\/uploads\/2023\/05\/U3A8399-scaled.jpg\" alt=\"_U3A8399\" \/><\/a>\r\n\t        <\/div>\r\n\t    \t        <div class=\"carousel-cell \">\r\n\t            <a class=\"galleryItem\" href=\"https:\/\/biohotelarara.com.co\/wp-content\/uploads\/2023\/05\/U3A8823-scaled.jpg\" data-group=\"slider\"> <img decoding=\"async\" class=\"group list-group-image\" src=\"https:\/\/biohotelarara.com.co\/wp-content\/uploads\/2023\/05\/U3A8823-scaled.jpg\" alt=\"_U3A8823\" \/><\/a>\r\n\t        <\/div>\r\n\t    \t        <div class=\"carousel-cell \">\r\n\t            <a class=\"galleryItem\" href=\"https:\/\/biohotelarara.com.co\/wp-content\/uploads\/2023\/05\/U3A84506.jpg\" data-group=\"slider\"> <img decoding=\"async\" class=\"group list-group-image\" src=\"https:\/\/biohotelarara.com.co\/wp-content\/uploads\/2023\/05\/U3A84506.jpg\" alt=\"_U3A84506\" \/><\/a>\r\n\t        <\/div>\r\n\t    \t        <div class=\"carousel-cell \">\r\n\t            <a class=\"galleryItem\" href=\"https:\/\/biohotelarara.com.co\/wp-content\/uploads\/2023\/05\/DSC4253-2.jpg\" data-group=\"slider\"> <img decoding=\"async\" class=\"group list-group-image\" src=\"https:\/\/biohotelarara.com.co\/wp-content\/uploads\/2023\/05\/DSC4253-2.jpg\" alt=\"_DSC4253-2\" \/><\/a>\r\n\t        <\/div>\r\n\t    \t        <div class=\"carousel-cell \">\r\n\t            <a class=\"galleryItem\" href=\"https:\/\/biohotelarara.com.co\/wp-content\/uploads\/2023\/05\/DSC4260-2-1.jpg\" data-group=\"slider\"> <img decoding=\"async\" class=\"group list-group-image\" src=\"https:\/\/biohotelarara.com.co\/wp-content\/uploads\/2023\/05\/DSC4260-2-1.jpg\" alt=\"_DSC4260-2\" \/><\/a>\r\n\t        <\/div>\r\n\t    \t        <div class=\"carousel-cell \">\r\n\t            <a class=\"galleryItem\" href=\"https:\/\/biohotelarara.com.co\/wp-content\/uploads\/2023\/05\/U3A8432-scaled.jpg\" data-group=\"slider\"> <img decoding=\"async\" class=\"group list-group-image\" src=\"https:\/\/biohotelarara.com.co\/wp-content\/uploads\/2023\/05\/U3A8432-scaled.jpg\" alt=\"_U3A8432\" \/><\/a>\r\n\t        <\/div>\r\n\t    \t        <div class=\"carousel-cell \">\r\n\t            <a class=\"galleryItem\" href=\"https:\/\/biohotelarara.com.co\/wp-content\/uploads\/2023\/05\/U3A6376-scaled.jpg\" data-group=\"slider\"> <img decoding=\"async\" class=\"group list-group-image\" src=\"https:\/\/biohotelarara.com.co\/wp-content\/uploads\/2023\/05\/U3A6376-scaled.jpg\" alt=\"_U3A6376\" \/><\/a>\r\n\t        <\/div>\r\n\t    \t        <div class=\"carousel-cell \">\r\n\t            <a class=\"galleryItem\" href=\"https:\/\/biohotelarara.com.co\/wp-content\/uploads\/2023\/05\/U3A6389-scaled.jpg\" data-group=\"slider\"> <img decoding=\"async\" class=\"group list-group-image\" src=\"https:\/\/biohotelarara.com.co\/wp-content\/uploads\/2023\/05\/U3A6389-scaled.jpg\" alt=\"_U3A6389\" \/><\/a>\r\n\t        <\/div>\r\n\t    \t        <div class=\"carousel-cell \">\r\n\t            <a class=\"galleryItem\" href=\"https:\/\/biohotelarara.com.co\/wp-content\/uploads\/2023\/05\/U3A6480-scaled.jpg\" data-group=\"slider\"> <img decoding=\"async\" class=\"group list-group-image\" src=\"https:\/\/biohotelarara.com.co\/wp-content\/uploads\/2023\/05\/U3A6480-scaled.jpg\" alt=\"_U3A6480\" \/><\/a>\r\n\t        <\/div>\r\n\t    \t        <div class=\"carousel-cell \">\r\n\t            <a class=\"galleryItem\" href=\"https:\/\/biohotelarara.com.co\/wp-content\/uploads\/2023\/05\/U3A8336-scaled.jpg\" data-group=\"slider\"> <img decoding=\"async\" class=\"group list-group-image\" src=\"https:\/\/biohotelarara.com.co\/wp-content\/uploads\/2023\/05\/U3A8336-scaled.jpg\" alt=\"_U3A8336\" \/><\/a>\r\n\t        <\/div>\r\n\t    \t        <div class=\"carousel-cell \">\r\n\t            <a class=\"galleryItem\" href=\"https:\/\/biohotelarara.com.co\/wp-content\/uploads\/2023\/05\/U3A8178-scaled.jpg\" data-group=\"slider\"> <img decoding=\"async\" class=\"group list-group-image\" src=\"https:\/\/biohotelarara.com.co\/wp-content\/uploads\/2023\/05\/U3A8178-scaled.jpg\" alt=\"_U3A8178\" \/><\/a>\r\n\t        <\/div>\r\n\t    \t        <div class=\"carousel-cell \">\r\n\t            <a class=\"galleryItem\" href=\"https:\/\/biohotelarara.com.co\/wp-content\/uploads\/2023\/05\/U3A8217-scaled.jpg\" data-group=\"slider\"> <img decoding=\"async\" class=\"group list-group-image\" src=\"https:\/\/biohotelarara.com.co\/wp-content\/uploads\/2023\/05\/U3A8217-scaled.jpg\" alt=\"_U3A8217\" \/><\/a>\r\n\t        <\/div>\r\n\t    \t        <div class=\"carousel-cell \">\r\n\t            <a class=\"galleryItem\" href=\"https:\/\/biohotelarara.com.co\/wp-content\/uploads\/2023\/05\/DSC6682-2.jpg\" data-group=\"slider\"> <img decoding=\"async\" class=\"group list-group-image\" src=\"https:\/\/biohotelarara.com.co\/wp-content\/uploads\/2023\/05\/DSC6682-2.jpg\" alt=\"_DSC6682-2\" \/><\/a>\r\n\t        <\/div>\r\n\t    \t        <div class=\"carousel-cell \">\r\n\t            <a class=\"galleryItem\" href=\"https:\/\/biohotelarara.com.co\/wp-content\/uploads\/2023\/05\/DSC6695-2.jpg\" data-group=\"slider\"> <img decoding=\"async\" class=\"group list-group-image\" src=\"https:\/\/biohotelarara.com.co\/wp-content\/uploads\/2023\/05\/DSC6695-2.jpg\" alt=\"_DSC6695-2\" \/><\/a>\r\n\t        <\/div>\r\n\t    \t        <div class=\"carousel-cell \">\r\n\t            <a class=\"galleryItem\" href=\"https:\/\/biohotelarara.com.co\/wp-content\/uploads\/2023\/05\/U3A8036-scaled.jpg\" data-group=\"slider\"> <img decoding=\"async\" class=\"group list-group-image\" src=\"https:\/\/biohotelarara.com.co\/wp-content\/uploads\/2023\/05\/U3A8036-scaled.jpg\" alt=\"_U3A8036\" \/><\/a>\r\n\t        <\/div>\r\n\t    \t        <div class=\"carousel-cell \">\r\n\t            <a class=\"galleryItem\" href=\"https:\/\/biohotelarara.com.co\/wp-content\/uploads\/2023\/05\/U3A80727.jpg\" data-group=\"slider\"> <img decoding=\"async\" class=\"group list-group-image\" src=\"https:\/\/biohotelarara.com.co\/wp-content\/uploads\/2023\/05\/U3A80727.jpg\" alt=\"_U3A80727\" \/><\/a>\r\n\t        <\/div>\r\n\t    \t        <div class=\"carousel-cell \">\r\n\t            <a class=\"galleryItem\" href=\"https:\/\/biohotelarara.com.co\/wp-content\/uploads\/2023\/05\/U3A6437.jpg\" data-group=\"slider\"> <img decoding=\"async\" class=\"group list-group-image\" src=\"https:\/\/biohotelarara.com.co\/wp-content\/uploads\/2023\/05\/U3A6437.jpg\" alt=\"_U3A6437\" \/><\/a>\r\n\t        <\/div>\r\n\t    \t\t<\/div>\r\n\t\t<button class=\"st-arrow carousel--prev\"><img decoding=\"async\" src=\"https:\/\/biohotelarara.com.co\/wp-content\/themes\/traveler\/v2\/images\/svg\/ico_pre_1.svg\" alt=\"\"><\/button>\r\n\t\t<button class=\"st-arrow carousel--next\"><img decoding=\"async\" src=\"https:\/\/biohotelarara.com.co\/wp-content\/themes\/traveler\/v2\/images\/svg\/ico_next_1.svg\" alt=\"\"><\/button>\r\n    <\/div>\r\n\r\n    <script type=\"text\/javascript\">\r\n    \tjQuery(function($) {\r\n\t\t\t$('.carousel--prev').on( 'click', function() {\r\n\t\t\t \t$('.carousel-main').flickity('previous');\r\n\t\t\t});\r\n\r\n\t\t\t$('.carousel--next').on( 'click', function() {\r\n\t\t\t \t$('.carousel-main').flickity('next');\r\n\t\t\t});\r\n\r\n\t\t\t\/\/ var groups_slider = {};\r\n\t\t\t\/\/ \t$('.list-group-slider .carousel-cell').each(function() {\r\n\t\t\t\/\/ \t  var id_sl = parseInt($(this).attr('data-group'), 10);\r\n\r\n\t\t\t\/\/ \t    if(!groups_slider[id_sl]) {\r\n\t\t\t\/\/ \t        groups_slider[id_sl] = [];\r\n\t\t\t\/\/ \t    }\r\n\r\n\t\t\t\/\/ \t  groups_slider[id_sl].push( this );\r\n\t\t\t\/\/ \t});\r\n\r\n\r\n\t\t\t\/\/ \t$.each(groups_slider, function() {\r\n\t\t\t\/\/ \t    $(this).find(\".galleryItem\").magnificPopup({\r\n\t\t\t\/\/ \t        type: 'image',\r\n\t\t\t\/\/ \t        closeOnContentClick: true,\r\n\t\t\t\/\/ \t        closeBtnInside: false,\r\n\t\t\t\/\/ \t        gallery: { enabled:true }\r\n\t\t\t\/\/ \t  })\r\n\t\t\t\/\/ \t});\r\n\t    });\r\n    <\/script>\r\n\t<\/div>\n\t<\/div> \n<\/div><!--End .row--><\/div><!--End .container--><\/div><div class=\"vc_row wpb_row st bg-holder\"><div class='container '><div class='row'>\n\t<div class=\"wpb_column column_container col-md-12\"><div class=\"vc_column-inner wpb_wrapper\">\n\t\t\t<div class=\"vc_empty_space\"   style=\"height: 80px\"><span class=\"vc_empty_space_inner\"><\/span><\/div>    <div class=\"content-text padding-0 st-default\">\r\n        <div class=\"st-text-center\">\r\n            <h2 class=\"text-center  style-3 \">Videos<\/h2>\r\n            <div class=\"box__separator  hidden-thumb \"><\/div>\r\n            <div class=\"text-center\"><\/div>\r\n        <\/div>\r\n    <\/div>\r\n<div class=\"vc_empty_space\"   style=\"height: 60px\"><span class=\"vc_empty_space_inner\"><\/span><\/div><\/div>\n\t<\/div> \n<\/div><!--End .row--><\/div><!--End .container--><\/div><div class=\"vc_row wpb_row st bg-holder\"><div class='container '><div class='row'>\n\t<div class=\"wpb_column column_container col-md-12 vc_custom_1551322125345\"><div class=\"vc_column-inner wpb_wrapper\">\n\t\t\t<div class=\"vc_row wpb_row vc_inner\"><div class=\"wpb_column column_container col-md-12\"><div class=\"vc_column-inner\"><div class=\"wpb_wrapper\">\n\t<div class=\"wpb_video_widget wpb_content_element vc_clearfix   vc_video-aspect-ratio-169 vc_video-el-width-80 vc_video-align-center\" >\n\t\t<div class=\"wpb_wrapper\">\n\t\t\t\n\t\t\t<div class=\"wpb_video_wrapper\"><iframe title=\"BioHotel Arara River\" width=\"500\" height=\"281\" src=\"https:\/\/www.youtube.com\/embed\/8xRPUgyxJOI?feature=oembed\" frameborder=\"0\" allow=\"accelerometer; autoplay; clipboard-write; encrypted-media; gyroscope; picture-in-picture; web-share\" allowfullscreen><\/iframe><\/div>\n\t\t<\/div>\n\t<\/div>\n<\/div><\/div><\/div><\/div><\/div>\n\t<\/div> \n<\/div><!--End .row--><\/div><!--End .container--><\/div>\n<\/div>","protected":false},"excerpt":{"rendered":"Imagenes Ven y disfruta de Biohotel Arara Videos","protected":false},"author":1,"featured_media":10775,"parent":0,"menu_order":0,"comment_status":"closed","ping_status":"closed","template":"template-single-hotel-modern.php","meta":{"footnotes":""},"class_list":["post-8489","page","type-page","status-publish","has-post-thumbnail","hentry"],"yoast_head":"<!-- This site is optimized with the Yoast SEO plugin v27.4 - https:\/\/yoast.com\/product\/yoast-seo-wordpress\/ -->\n<title>Galer\u00eda - BioHotel Arara<\/title>\n<meta name=\"description\" content=\"BioHotel Arara est\u00e1 inspirado en la fascinante cultura Amaz\u00f3nica \u26fa. Llena de aventura y color \ud83d\ude0d, Vive el Amazonas.\" \/>\n<meta name=\"robots\" content=\"index, follow, max-snippet:-1, max-image-preview:large, max-video-preview:-1\" \/>\n<link rel=\"canonical\" href=\"https:\/\/biohotelarara.com.co\/pt\/galeria\/\" \/>\n<meta property=\"og:locale\" content=\"pt_BR\" \/>\n<meta property=\"og:type\" content=\"article\" \/>\n<meta property=\"og:title\" content=\"Galer\u00eda - BioHotel Arara\" \/>\n<meta property=\"og:description\" content=\"BioHotel Arara est\u00e1 inspirado en la fascinante cultura Amaz\u00f3nica \u26fa. Llena de aventura y color \ud83d\ude0d, Vive el Amazonas.\" \/>\n<meta property=\"og:url\" content=\"https:\/\/biohotelarara.com.co\/pt\/galeria\/\" \/>\n<meta property=\"og:site_name\" content=\"BioHotel Arara\" \/>\n<meta property=\"article:publisher\" content=\"https:\/\/www.facebook.com\/profile.php?id=100083774580508\" \/>\n<meta property=\"article:modified_time\" content=\"2023-05-02T04:41:39+00:00\" \/>\n<meta property=\"og:image\" content=\"https:\/\/biohotelarara.com.co\/wp-content\/uploads\/2023\/05\/051-768x512.png\" \/>\n\t<meta property=\"og:image:width\" content=\"768\" \/>\n\t<meta property=\"og:image:height\" content=\"512\" \/>\n\t<meta property=\"og:image:type\" content=\"image\/png\" \/>\n<meta name=\"twitter:card\" content=\"summary_large_image\" \/>\n<meta name=\"twitter:label1\" content=\"Est. tempo de leitura\" \/>\n\t<meta name=\"twitter:data1\" content=\"1 minuto\" \/>\n<script type=\"application\/ld+json\" class=\"yoast-schema-graph\">{\"@context\":\"https:\\\/\\\/schema.org\",\"@graph\":[{\"@type\":\"WebPage\",\"@id\":\"https:\\\/\\\/biohotelarara.com.co\\\/galeria\\\/\",\"url\":\"https:\\\/\\\/biohotelarara.com.co\\\/galeria\\\/\",\"name\":\"Galer\u00eda - BioHotel Arara\",\"isPartOf\":{\"@id\":\"https:\\\/\\\/biohotelarara.com.co\\\/#website\"},\"primaryImageOfPage\":{\"@id\":\"https:\\\/\\\/biohotelarara.com.co\\\/galeria\\\/#primaryimage\"},\"image\":{\"@id\":\"https:\\\/\\\/biohotelarara.com.co\\\/galeria\\\/#primaryimage\"},\"thumbnailUrl\":\"https:\\\/\\\/biohotelarara.com.co\\\/wp-content\\\/uploads\\\/2023\\\/05\\\/051.png\",\"datePublished\":\"2019-03-11T08:13:41+00:00\",\"dateModified\":\"2023-05-02T04:41:39+00:00\",\"description\":\"BioHotel Arara est\u00e1 inspirado en la fascinante cultura Amaz\u00f3nica \u26fa. Llena de aventura y color \ud83d\ude0d, Vive el Amazonas.\",\"breadcrumb\":{\"@id\":\"https:\\\/\\\/biohotelarara.com.co\\\/galeria\\\/#breadcrumb\"},\"inLanguage\":\"pt-BR\",\"potentialAction\":[{\"@type\":\"ReadAction\",\"target\":[\"https:\\\/\\\/biohotelarara.com.co\\\/galeria\\\/\"]}]},{\"@type\":\"ImageObject\",\"inLanguage\":\"pt-BR\",\"@id\":\"https:\\\/\\\/biohotelarara.com.co\\\/galeria\\\/#primaryimage\",\"url\":\"https:\\\/\\\/biohotelarara.com.co\\\/wp-content\\\/uploads\\\/2023\\\/05\\\/051.png\",\"contentUrl\":\"https:\\\/\\\/biohotelarara.com.co\\\/wp-content\\\/uploads\\\/2023\\\/05\\\/051.png\",\"width\":3500,\"height\":2335},{\"@type\":\"BreadcrumbList\",\"@id\":\"https:\\\/\\\/biohotelarara.com.co\\\/galeria\\\/#breadcrumb\",\"itemListElement\":[{\"@type\":\"ListItem\",\"position\":1,\"name\":\"Inicio\",\"item\":\"https:\\\/\\\/biohotelarara.com.co\\\/\"},{\"@type\":\"ListItem\",\"position\":2,\"name\":\"Galer\u00eda\"}]},{\"@type\":\"WebSite\",\"@id\":\"https:\\\/\\\/biohotelarara.com.co\\\/#website\",\"url\":\"https:\\\/\\\/biohotelarara.com.co\\\/\",\"name\":\"BioHotel Arara\",\"description\":\"Turismo sostenible en el Amazonas\",\"publisher\":{\"@id\":\"https:\\\/\\\/biohotelarara.com.co\\\/#organization\"},\"potentialAction\":[{\"@type\":\"SearchAction\",\"target\":{\"@type\":\"EntryPoint\",\"urlTemplate\":\"https:\\\/\\\/biohotelarara.com.co\\\/?s={search_term_string}\"},\"query-input\":{\"@type\":\"PropertyValueSpecification\",\"valueRequired\":true,\"valueName\":\"search_term_string\"}}],\"inLanguage\":\"pt-BR\"},{\"@type\":\"Organization\",\"@id\":\"https:\\\/\\\/biohotelarara.com.co\\\/#organization\",\"name\":\"BioHotel Arara River\",\"url\":\"https:\\\/\\\/biohotelarara.com.co\\\/\",\"logo\":{\"@type\":\"ImageObject\",\"inLanguage\":\"pt-BR\",\"@id\":\"https:\\\/\\\/biohotelarara.com.co\\\/#\\\/schema\\\/logo\\\/image\\\/\",\"url\":\"https:\\\/\\\/biohotelarara.com.co\\\/wp-content\\\/uploads\\\/2014\\\/12\\\/logo-arara-195.png\",\"contentUrl\":\"https:\\\/\\\/biohotelarara.com.co\\\/wp-content\\\/uploads\\\/2014\\\/12\\\/logo-arara-195.png\",\"width\":576,\"height\":195,\"caption\":\"BioHotel Arara River\"},\"image\":{\"@id\":\"https:\\\/\\\/biohotelarara.com.co\\\/#\\\/schema\\\/logo\\\/image\\\/\"},\"sameAs\":[\"https:\\\/\\\/www.facebook.com\\\/profile.php?id=100083774580508\",\"https:\\\/\\\/instagram.com\\\/biohotelarara\"]}]}<\/script>\n<!-- \/ Yoast SEO plugin. -->","yoast_head_json":{"title":"Galer\u00eda - BioHotel Arara","description":"BioHotel Arara est\u00e1 inspirado en la fascinante cultura Amaz\u00f3nica \u26fa. Llena de aventura y color \ud83d\ude0d, Vive el Amazonas.","robots":{"index":"index","follow":"follow","max-snippet":"max-snippet:-1","max-image-preview":"max-image-preview:large","max-video-preview":"max-video-preview:-1"},"canonical":"https:\/\/biohotelarara.com.co\/pt\/galeria\/","og_locale":"pt_BR","og_type":"article","og_title":"Galer\u00eda - BioHotel Arara","og_description":"BioHotel Arara est\u00e1 inspirado en la fascinante cultura Amaz\u00f3nica \u26fa. Llena de aventura y color \ud83d\ude0d, Vive el Amazonas.","og_url":"https:\/\/biohotelarara.com.co\/pt\/galeria\/","og_site_name":"BioHotel Arara","article_publisher":"https:\/\/www.facebook.com\/profile.php?id=100083774580508","article_modified_time":"2023-05-02T04:41:39+00:00","og_image":[{"width":768,"height":512,"url":"https:\/\/biohotelarara.com.co\/wp-content\/uploads\/2023\/05\/051-768x512.png","type":"image\/png"}],"twitter_card":"summary_large_image","twitter_misc":{"Est. tempo de leitura":"1 minuto"},"schema":{"@context":"https:\/\/schema.org","@graph":[{"@type":"WebPage","@id":"https:\/\/biohotelarara.com.co\/galeria\/","url":"https:\/\/biohotelarara.com.co\/galeria\/","name":"Galer\u00eda - BioHotel Arara","isPartOf":{"@id":"https:\/\/biohotelarara.com.co\/#website"},"primaryImageOfPage":{"@id":"https:\/\/biohotelarara.com.co\/galeria\/#primaryimage"},"image":{"@id":"https:\/\/biohotelarara.com.co\/galeria\/#primaryimage"},"thumbnailUrl":"https:\/\/biohotelarara.com.co\/wp-content\/uploads\/2023\/05\/051.png","datePublished":"2019-03-11T08:13:41+00:00","dateModified":"2023-05-02T04:41:39+00:00","description":"BioHotel Arara est\u00e1 inspirado en la fascinante cultura Amaz\u00f3nica \u26fa. Llena de aventura y color \ud83d\ude0d, Vive el Amazonas.","breadcrumb":{"@id":"https:\/\/biohotelarara.com.co\/galeria\/#breadcrumb"},"inLanguage":"pt-BR","potentialAction":[{"@type":"ReadAction","target":["https:\/\/biohotelarara.com.co\/galeria\/"]}]},{"@type":"ImageObject","inLanguage":"pt-BR","@id":"https:\/\/biohotelarara.com.co\/galeria\/#primaryimage","url":"https:\/\/biohotelarara.com.co\/wp-content\/uploads\/2023\/05\/051.png","contentUrl":"https:\/\/biohotelarara.com.co\/wp-content\/uploads\/2023\/05\/051.png","width":3500,"height":2335},{"@type":"BreadcrumbList","@id":"https:\/\/biohotelarara.com.co\/galeria\/#breadcrumb","itemListElement":[{"@type":"ListItem","position":1,"name":"Inicio","item":"https:\/\/biohotelarara.com.co\/"},{"@type":"ListItem","position":2,"name":"Galer\u00eda"}]},{"@type":"WebSite","@id":"https:\/\/biohotelarara.com.co\/#website","url":"https:\/\/biohotelarara.com.co\/","name":"BioHotel Arara","description":"Turismo sostenible en el Amazonas","publisher":{"@id":"https:\/\/biohotelarara.com.co\/#organization"},"potentialAction":[{"@type":"SearchAction","target":{"@type":"EntryPoint","urlTemplate":"https:\/\/biohotelarara.com.co\/?s={search_term_string}"},"query-input":{"@type":"PropertyValueSpecification","valueRequired":true,"valueName":"search_term_string"}}],"inLanguage":"pt-BR"},{"@type":"Organization","@id":"https:\/\/biohotelarara.com.co\/#organization","name":"BioHotel Arara River","url":"https:\/\/biohotelarara.com.co\/","logo":{"@type":"ImageObject","inLanguage":"pt-BR","@id":"https:\/\/biohotelarara.com.co\/#\/schema\/logo\/image\/","url":"https:\/\/biohotelarara.com.co\/wp-content\/uploads\/2014\/12\/logo-arara-195.png","contentUrl":"https:\/\/biohotelarara.com.co\/wp-content\/uploads\/2014\/12\/logo-arara-195.png","width":576,"height":195,"caption":"BioHotel Arara River"},"image":{"@id":"https:\/\/biohotelarara.com.co\/#\/schema\/logo\/image\/"},"sameAs":["https:\/\/www.facebook.com\/profile.php?id=100083774580508","https:\/\/instagram.com\/biohotelarara"]}]}},"_links":{"self":[{"href":"https:\/\/biohotelarara.com.co\/pt\/wp-json\/wp\/v2\/pages\/8489","targetHints":{"allow":["GET"]}}],"collection":[{"href":"https:\/\/biohotelarara.com.co\/pt\/wp-json\/wp\/v2\/pages"}],"about":[{"href":"https:\/\/biohotelarara.com.co\/pt\/wp-json\/wp\/v2\/types\/page"}],"author":[{"embeddable":true,"href":"https:\/\/biohotelarara.com.co\/pt\/wp-json\/wp\/v2\/users\/1"}],"replies":[{"embeddable":true,"href":"https:\/\/biohotelarara.com.co\/pt\/wp-json\/wp\/v2\/comments?post=8489"}],"version-history":[{"count":10,"href":"https:\/\/biohotelarara.com.co\/pt\/wp-json\/wp\/v2\/pages\/8489\/revisions"}],"predecessor-version":[{"id":10867,"href":"https:\/\/biohotelarara.com.co\/pt\/wp-json\/wp\/v2\/pages\/8489\/revisions\/10867"}],"wp:featuredmedia":[{"embeddable":true,"href":"https:\/\/biohotelarara.com.co\/pt\/wp-json\/wp\/v2\/media\/10775"}],"wp:attachment":[{"href":"https:\/\/biohotelarara.com.co\/pt\/wp-json\/wp\/v2\/media?parent=8489"}],"curies":[{"name":"wp","href":"https:\/\/api.w.org\/{rel}","templated":true}]}}