{"id":8422,"date":"2019-03-05T04:35:24","date_gmt":"2019-03-05T04:35:24","guid":{"rendered":"https:\/\/travelhouse.wpengine.com\/?page_id=8422"},"modified":"2023-05-01T23:45:28","modified_gmt":"2023-05-02T04:45:28","slug":"recomendaciones","status":"publish","type":"page","link":"https:\/\/biohotelarara.com.co\/pt\/recomendaciones\/","title":{"rendered":"Recomendaciones"},"content":{"rendered":"<div class=\"wpb-content-wrapper\"><div class=\"vc_row wpb_row st bg-holder\"><div class='container'><div class='row'>\n\t<div class=\"wpb_column column_container col-md-12\"><div class=\"vc_column-inner wpb_wrapper\">\n\t\t\t\n\t<div class=\"wpb_text_column wpb_content_element\" >\n\t\t<div class=\"wpb_wrapper\">\n\t\t\t<h2 style=\"text-align: center;\"><strong>Como puedes acceder a nuestros servicios<\/strong><\/h2>\n\n\t\t<\/div>\n\t<\/div>\n<div class=\"vc_empty_space\"   style=\"height: 40px\"><span class=\"vc_empty_space_inner\"><\/span><\/div><\/div>\n\t<\/div> \n<\/div><!--End .row--><\/div><!--End .container--><\/div><div class=\"vc_row wpb_row st bg-holder st-number-box\"><div class='container'><div class='row'>\n\t<div class=\"wpb_column column_container col-md-4\"><div class=\"vc_column-inner wpb_wrapper\">\n\t\t\t<div class=\"vc_row wpb_row vc_inner\"><div class=\"wpb_column column_container col-md-3\"><div class=\"vc_column-inner\"><div class=\"wpb_wrapper\">\n\t<div class=\"wpb_text_column wpb_content_element  st-number-circle\" >\n\t\t<div class=\"wpb_wrapper\">\n\t\t\t<p>1<\/p>\n\n\t\t<\/div>\n\t<\/div>\n<\/div><\/div><\/div><div class=\"wpb_column column_container col-md-9\"><div class=\"vc_column-inner\"><div class=\"wpb_wrapper\">\n\t<div class=\"wpb_text_column wpb_content_element\" >\n\t\t<div class=\"wpb_wrapper\">\n\t\t\t<h3>Seleccionalo<\/h3>\n<p>Busca el servicio que m\u00e1s te guste e ingresa al modulo de registro y reserva del mismo.<\/p>\n\n\t\t<\/div>\n\t<\/div>\n<\/div><\/div><\/div><\/div><\/div>\n\t<\/div> \n\n\t<div class=\"wpb_column column_container col-md-4\"><div class=\"vc_column-inner wpb_wrapper\">\n\t\t\t<div class=\"vc_row wpb_row vc_inner\"><div class=\"wpb_column column_container col-md-3\"><div class=\"vc_column-inner\"><div class=\"wpb_wrapper\">\n\t<div class=\"wpb_text_column wpb_content_element  st-number-circle\" >\n\t\t<div class=\"wpb_wrapper\">\n\t\t\t<p>2<\/p>\n\n\t\t<\/div>\n\t<\/div>\n<\/div><\/div><\/div><div class=\"wpb_column column_container col-md-9\"><div class=\"vc_column-inner\"><div class=\"wpb_wrapper\">\n\t<div class=\"wpb_text_column wpb_content_element\" >\n\t\t<div class=\"wpb_wrapper\">\n\t\t\t<h3>Registrate<\/h3>\n<p>Registra tus datos en el formulario de reserva y env\u00eda la informaci\u00f3n. Nuestros asesores se estar\u00e1n conactando contigo.<\/p>\n\n\t\t<\/div>\n\t<\/div>\n<\/div><\/div><\/div><\/div><\/div>\n\t<\/div> \n\n\t<div class=\"wpb_column column_container col-md-4\"><div class=\"vc_column-inner wpb_wrapper\">\n\t\t\t<div class=\"vc_row wpb_row vc_inner\"><div class=\"wpb_column column_container col-md-3\"><div class=\"vc_column-inner\"><div class=\"wpb_wrapper\">\n\t<div class=\"wpb_text_column wpb_content_element  st-number-circle\" >\n\t\t<div class=\"wpb_wrapper\">\n\t\t\t<p>3<\/p>\n\n\t\t<\/div>\n\t<\/div>\n<\/div><\/div><\/div><div class=\"wpb_column column_container col-md-9\"><div class=\"vc_column-inner\"><div class=\"wpb_wrapper\">\n\t<div class=\"wpb_text_column wpb_content_element\" >\n\t\t<div class=\"wpb_wrapper\">\n\t\t\t<h3>A disfrutar!<\/h3>\n<p>Presentate el d\u00eda y a la hora reservada en el lugar que el asesor te indique para coordinar tu desplazamiento y el de tus amigos o familia al Biohotel Arara. Nosotros hacemos el resto!.<\/p>\n\n\t\t<\/div>\n\t<\/div>\n<\/div><\/div><\/div><\/div><\/div>\n\t<\/div> \n<\/div><!--End .row--><\/div><!--End .container--><\/div><div class=\"vc_row wpb_row st bg-holder st-become-feature-wrapper text-center\"><div class='container'><div class='row'>\n\t<div class=\"wpb_column column_container col-md-12\"><div class=\"vc_column-inner wpb_wrapper\">\n\t\t\t<div class=\"vc_separator wpb_content_element vc_separator_align_center vc_sep_width_100 vc_sep_border_width_2 vc_sep_pos_align_center vc_separator_no_text vc_sep_color_grey\" ><span class=\"vc_sep_holder vc_sep_holder_l\"><span class=\"vc_sep_line\"><\/span><\/span><span class=\"vc_sep_holder vc_sep_holder_r\"><span class=\"vc_sep_line\"><\/span><\/span>\n<\/div><div class=\"vc_empty_space\"   style=\"height: 25px\"><span class=\"vc_empty_space_inner\"><\/span><\/div>\n\t<div class=\"wpb_text_column wpb_content_element\" >\n\t\t<div class=\"wpb_wrapper\">\n\t\t\t<h2 style=\"text-align: center;\"><strong>Preguntas frecuentes<\/strong><\/h2>\n\n\t\t<\/div>\n\t<\/div>\n<div class=\"vc_empty_space\"   style=\"height: 25px\"><span class=\"vc_empty_space_inner\"><\/span><\/div><\/div>\n\t<\/div> \n<\/div><!--End .row--><\/div><!--End .container--><\/div><div class=\"vc_row wpb_row st bg-holder st-become-faqs\"><div class='container'><div class='row'>\n\t<div class=\"wpb_column column_container col-md-6\"><div class=\"vc_column-inner wpb_wrapper\">\n\t\t\t\n\t<div class=\"wpb_text_column wpb_content_element\" >\n\t\t<div class=\"wpb_wrapper\">\n\t\t\t<h3><a><img decoding=\"async\" class=\"alignnone wp-image-7754\" src=\"https:\/\/acmap.travelerwp.com\/wp-content\/uploads\/2019\/01\/ico_quest.png\" alt=\"\" width=\"35\" height=\"35\" \/><\/a> Como se llega al Biohotel Arara?<\/h3>\n<p>El Biohotel Arara se encuentra ubicado a 35 minutos de la ciudad de Leticia v\u00eda fluvial. Por tal raz\u00f3n, se deben presentar el d\u00eda de la reserva en las oficinas de la agencia de viajes Paraiso Ecol\u00f3gico carrera 11 #7-20, frente al parque Orellana a las 7:30 a.m., para coordinar el transporte que los llevar\u00e1 al Biohotel.<\/p>\n\n\t\t<\/div>\n\t<\/div>\n<div class=\"vc_empty_space\"   style=\"height: 20px\"><span class=\"vc_empty_space_inner\"><\/span><\/div><div class=\"vc_separator wpb_content_element vc_separator_align_center vc_sep_width_100 vc_sep_pos_align_center vc_separator_no_text vc_sep_color_grey\" ><span class=\"vc_sep_holder vc_sep_holder_l\"><span class=\"vc_sep_line\"><\/span><\/span><span class=\"vc_sep_holder vc_sep_holder_r\"><span class=\"vc_sep_line\"><\/span><\/span>\n<\/div><div class=\"vc_empty_space\"   style=\"height: 10px\"><span class=\"vc_empty_space_inner\"><\/span><\/div>\n\t<div class=\"wpb_text_column wpb_content_element\" >\n\t\t<div class=\"wpb_wrapper\">\n\t\t\t<h3><a><img decoding=\"async\" class=\"alignnone wp-image-7754\" src=\"https:\/\/acmap.travelerwp.com\/wp-content\/uploads\/2019\/01\/ico_quest.png\" alt=\"\" width=\"35\" height=\"35\" \/><\/a> Como puedo hacer plan pasa d\u00eda?<\/h3>\n<p>Ingresas a la secci\u00f3n servicios pasa d\u00eda y solicitas la reserva con tus datos y los de tus acompa\u00f1antes un d\u00eda antes de la fecha a reservar. Recuerda presentarte en la agencia de viajes Paraiso Ecol\u00f3gico carrera 11 #7-20, frente al parque Orellana a las 7:30 a.m., para coordinar el transporte que los llevar\u00e1 al Biohotel.<\/p>\n<p>Plan pasa d\u00eda incluye:<br \/>\n+ Transporte Fluvial<br \/>\n+ Asistencia m\u00e9dica<br \/>\n+ Desayuno<br \/>\n+ Almuerzo<br \/>\n+ Caminata interpretativa<br \/>\n+ Zona de hamacas<br \/>\n+ Casa en el \u00e1rbol<br \/>\n+ Piscina<br \/>\n+ Bar<br \/>\n+ Juegos de mesa<br \/>\n+ De 8:00 a.m. a 4:30 p.m.<\/p>\n\n\t\t<\/div>\n\t<\/div>\n<\/div>\n\t<\/div> \n\n\t<div class=\"wpb_column column_container col-md-6\"><div class=\"vc_column-inner wpb_wrapper\">\n\t\t\t\n\t<div class=\"wpb_text_column wpb_content_element\" >\n\t\t<div class=\"wpb_wrapper\">\n\t\t\t<h3><a><img decoding=\"async\" class=\"alignnone wp-image-7754\" src=\"https:\/\/acmap.travelerwp.com\/wp-content\/uploads\/2019\/01\/ico_quest.png\" alt=\"\" width=\"35\" height=\"35\" \/><\/a> Que ropa y accesorios puedo llevar?<\/h3>\n<p>Por ser clima humedo y estar en medio de la selva amaz\u00f3nica, recomendamos llevar ropa comoda, tenis, zandalias, ropa de ba\u00f1o, repelente, bloqueador solar, unas buenas gafas de sol y toda la actitud para un merecido descanso.<\/p>\n\n\t\t<\/div>\n\t<\/div>\n<div class=\"vc_empty_space\"   style=\"height: 20px\"><span class=\"vc_empty_space_inner\"><\/span><\/div><div class=\"vc_separator wpb_content_element vc_separator_align_center vc_sep_width_100 vc_sep_pos_align_center vc_separator_no_text vc_sep_color_grey\" ><span class=\"vc_sep_holder vc_sep_holder_l\"><span class=\"vc_sep_line\"><\/span><\/span><span class=\"vc_sep_holder vc_sep_holder_r\"><span class=\"vc_sep_line\"><\/span><\/span>\n<\/div><div class=\"vc_empty_space\"   style=\"height: 10px\"><span class=\"vc_empty_space_inner\"><\/span><\/div>\n\t<div class=\"wpb_text_column wpb_content_element\" >\n\t\t<div class=\"wpb_wrapper\">\n\t\t\t<h3><a><img decoding=\"async\" class=\"alignnone wp-image-7754\" src=\"https:\/\/acmap.travelerwp.com\/wp-content\/uploads\/2019\/01\/ico_quest.png\" alt=\"\" width=\"35\" height=\"35\" \/><\/a> Como puedo hacer el plan pasa noche?<\/h3>\n<p>Ingresas a la secci\u00f3n servicios pasa noche y solicitas la reserva con tus datos y los de tus acompa\u00f1antes un d\u00eda antes de la fecha a reservar. Recuerda presentarte en la agencia de viajes Paraiso Ecol\u00f3gico carrera 11 #7-20, frente al parque Orellana a las 7:30 a.m., para coordinar el transporte que los llevar\u00e1 al Biohotel.<\/p>\n<p>Plan pasa noche incluye:<br \/>\n+ Transporte Fluvial<br \/>\n+ Asistencia m\u00e9dica<br \/>\n+ Desayuno<br \/>\n+ Almuerzo<br \/>\n+ Cena especial<br \/>\n+ Coctel de bienvenida<br \/>\n+ Habitaci\u00f3n cama King<br \/>\n+ Caminata interpretativa<br \/>\n+ Zona de hamacas<br \/>\n+ Casa en el \u00e1rbol<br \/>\n+ Piscina<br \/>\n+ Bar<br \/>\n+ Juegos de mesa<\/p>\n\n\t\t<\/div>\n\t<\/div>\n<\/div>\n\t<\/div> \n<\/div><!--End .row--><\/div><!--End .container--><\/div>\n<\/div>","protected":false},"excerpt":{"rendered":"Como puedes acceder a nuestros servicios 1 Seleccionalo Busca el servicio que m\u00e1s te guste e ingresa al modulo de registro y reserva del mismo. 2 Registrate Registra tus datos en el formulario de reserva y env\u00eda la informaci\u00f3n. Nuestros asesores se estar\u00e1n conactando contigo. 3 A disfrutar! Presentate el d\u00eda y a la hora [...]","protected":false},"author":1,"featured_media":10868,"parent":0,"menu_order":0,"comment_status":"closed","ping_status":"closed","template":"template-single-hotel-modern.php","meta":{"footnotes":""},"class_list":["post-8422","page","type-page","status-publish","has-post-thumbnail","hentry"],"yoast_head":"<!-- This site is optimized with the Yoast SEO plugin v27.4 - https:\/\/yoast.com\/product\/yoast-seo-wordpress\/ -->\n<title>Recomendaciones - BioHotel Arara<\/title>\n<meta name=\"description\" content=\"BioHotel Arara, hotel inspirado en la fascinante cultura Amaz\u00f3nica \u26fa. Llena de aventura y color \ud83d\ude0d, Vive el Amazonas.\" \/>\n<meta name=\"robots\" content=\"index, follow, max-snippet:-1, max-image-preview:large, max-video-preview:-1\" \/>\n<link rel=\"canonical\" href=\"https:\/\/biohotelarara.com.co\/pt\/recomendaciones\/\" \/>\n<meta property=\"og:locale\" content=\"pt_BR\" \/>\n<meta property=\"og:type\" content=\"article\" \/>\n<meta property=\"og:title\" content=\"Recomendaciones - BioHotel Arara\" \/>\n<meta property=\"og:description\" content=\"BioHotel Arara, hotel inspirado en la fascinante cultura Amaz\u00f3nica \u26fa. Llena de aventura y color \ud83d\ude0d, Vive el Amazonas.\" \/>\n<meta property=\"og:url\" content=\"https:\/\/biohotelarara.com.co\/pt\/recomendaciones\/\" \/>\n<meta property=\"og:site_name\" content=\"BioHotel Arara\" \/>\n<meta property=\"article:publisher\" content=\"https:\/\/www.facebook.com\/profile.php?id=100083774580508\" \/>\n<meta property=\"article:modified_time\" content=\"2023-05-02T04:45:28+00:00\" \/>\n<meta property=\"og:image\" content=\"https:\/\/biohotelarara.com.co\/wp-content\/uploads\/2023\/05\/02-1024x1024.png\" \/>\n\t<meta property=\"og:image:width\" content=\"1024\" \/>\n\t<meta property=\"og:image:height\" content=\"1024\" \/>\n\t<meta property=\"og:image:type\" content=\"image\/png\" \/>\n<meta name=\"twitter:card\" content=\"summary_large_image\" \/>\n<meta name=\"twitter:label1\" content=\"Est. tempo de leitura\" \/>\n\t<meta name=\"twitter:data1\" content=\"3 minutos\" \/>\n<script type=\"application\/ld+json\" class=\"yoast-schema-graph\">{\"@context\":\"https:\\\/\\\/schema.org\",\"@graph\":[{\"@type\":\"WebPage\",\"@id\":\"https:\\\/\\\/biohotelarara.com.co\\\/recomendaciones\\\/\",\"url\":\"https:\\\/\\\/biohotelarara.com.co\\\/recomendaciones\\\/\",\"name\":\"Recomendaciones - BioHotel Arara\",\"isPartOf\":{\"@id\":\"https:\\\/\\\/biohotelarara.com.co\\\/#website\"},\"primaryImageOfPage\":{\"@id\":\"https:\\\/\\\/biohotelarara.com.co\\\/recomendaciones\\\/#primaryimage\"},\"image\":{\"@id\":\"https:\\\/\\\/biohotelarara.com.co\\\/recomendaciones\\\/#primaryimage\"},\"thumbnailUrl\":\"https:\\\/\\\/biohotelarara.com.co\\\/wp-content\\\/uploads\\\/2023\\\/05\\\/02.png\",\"datePublished\":\"2019-03-05T04:35:24+00:00\",\"dateModified\":\"2023-05-02T04:45:28+00:00\",\"description\":\"BioHotel Arara, hotel inspirado en la fascinante cultura Amaz\u00f3nica \u26fa. Llena de aventura y color \ud83d\ude0d, Vive el Amazonas.\",\"breadcrumb\":{\"@id\":\"https:\\\/\\\/biohotelarara.com.co\\\/recomendaciones\\\/#breadcrumb\"},\"inLanguage\":\"pt-BR\",\"potentialAction\":[{\"@type\":\"ReadAction\",\"target\":[\"https:\\\/\\\/biohotelarara.com.co\\\/recomendaciones\\\/\"]}]},{\"@type\":\"ImageObject\",\"inLanguage\":\"pt-BR\",\"@id\":\"https:\\\/\\\/biohotelarara.com.co\\\/recomendaciones\\\/#primaryimage\",\"url\":\"https:\\\/\\\/biohotelarara.com.co\\\/wp-content\\\/uploads\\\/2023\\\/05\\\/02.png\",\"contentUrl\":\"https:\\\/\\\/biohotelarara.com.co\\\/wp-content\\\/uploads\\\/2023\\\/05\\\/02.png\",\"width\":2682,\"height\":1495},{\"@type\":\"BreadcrumbList\",\"@id\":\"https:\\\/\\\/biohotelarara.com.co\\\/recomendaciones\\\/#breadcrumb\",\"itemListElement\":[{\"@type\":\"ListItem\",\"position\":1,\"name\":\"Inicio\",\"item\":\"https:\\\/\\\/biohotelarara.com.co\\\/\"},{\"@type\":\"ListItem\",\"position\":2,\"name\":\"Recomendaciones\"}]},{\"@type\":\"WebSite\",\"@id\":\"https:\\\/\\\/biohotelarara.com.co\\\/#website\",\"url\":\"https:\\\/\\\/biohotelarara.com.co\\\/\",\"name\":\"BioHotel Arara\",\"description\":\"Turismo sostenible en el Amazonas\",\"publisher\":{\"@id\":\"https:\\\/\\\/biohotelarara.com.co\\\/#organization\"},\"potentialAction\":[{\"@type\":\"SearchAction\",\"target\":{\"@type\":\"EntryPoint\",\"urlTemplate\":\"https:\\\/\\\/biohotelarara.com.co\\\/?s={search_term_string}\"},\"query-input\":{\"@type\":\"PropertyValueSpecification\",\"valueRequired\":true,\"valueName\":\"search_term_string\"}}],\"inLanguage\":\"pt-BR\"},{\"@type\":\"Organization\",\"@id\":\"https:\\\/\\\/biohotelarara.com.co\\\/#organization\",\"name\":\"BioHotel Arara River\",\"url\":\"https:\\\/\\\/biohotelarara.com.co\\\/\",\"logo\":{\"@type\":\"ImageObject\",\"inLanguage\":\"pt-BR\",\"@id\":\"https:\\\/\\\/biohotelarara.com.co\\\/#\\\/schema\\\/logo\\\/image\\\/\",\"url\":\"https:\\\/\\\/biohotelarara.com.co\\\/wp-content\\\/uploads\\\/2014\\\/12\\\/logo-arara-195.png\",\"contentUrl\":\"https:\\\/\\\/biohotelarara.com.co\\\/wp-content\\\/uploads\\\/2014\\\/12\\\/logo-arara-195.png\",\"width\":576,\"height\":195,\"caption\":\"BioHotel Arara River\"},\"image\":{\"@id\":\"https:\\\/\\\/biohotelarara.com.co\\\/#\\\/schema\\\/logo\\\/image\\\/\"},\"sameAs\":[\"https:\\\/\\\/www.facebook.com\\\/profile.php?id=100083774580508\",\"https:\\\/\\\/instagram.com\\\/biohotelarara\"]}]}<\/script>\n<!-- \/ Yoast SEO plugin. -->","yoast_head_json":{"title":"Recomendaciones - BioHotel Arara","description":"BioHotel Arara, hotel inspirado en la fascinante cultura Amaz\u00f3nica \u26fa. Llena de aventura y color \ud83d\ude0d, Vive el Amazonas.","robots":{"index":"index","follow":"follow","max-snippet":"max-snippet:-1","max-image-preview":"max-image-preview:large","max-video-preview":"max-video-preview:-1"},"canonical":"https:\/\/biohotelarara.com.co\/pt\/recomendaciones\/","og_locale":"pt_BR","og_type":"article","og_title":"Recomendaciones - BioHotel Arara","og_description":"BioHotel Arara, hotel inspirado en la fascinante cultura Amaz\u00f3nica \u26fa. Llena de aventura y color \ud83d\ude0d, Vive el Amazonas.","og_url":"https:\/\/biohotelarara.com.co\/pt\/recomendaciones\/","og_site_name":"BioHotel Arara","article_publisher":"https:\/\/www.facebook.com\/profile.php?id=100083774580508","article_modified_time":"2023-05-02T04:45:28+00:00","og_image":[{"width":1024,"height":1024,"url":"https:\/\/biohotelarara.com.co\/wp-content\/uploads\/2023\/05\/02-1024x1024.png","type":"image\/png"}],"twitter_card":"summary_large_image","twitter_misc":{"Est. tempo de leitura":"3 minutos"},"schema":{"@context":"https:\/\/schema.org","@graph":[{"@type":"WebPage","@id":"https:\/\/biohotelarara.com.co\/recomendaciones\/","url":"https:\/\/biohotelarara.com.co\/recomendaciones\/","name":"Recomendaciones - BioHotel Arara","isPartOf":{"@id":"https:\/\/biohotelarara.com.co\/#website"},"primaryImageOfPage":{"@id":"https:\/\/biohotelarara.com.co\/recomendaciones\/#primaryimage"},"image":{"@id":"https:\/\/biohotelarara.com.co\/recomendaciones\/#primaryimage"},"thumbnailUrl":"https:\/\/biohotelarara.com.co\/wp-content\/uploads\/2023\/05\/02.png","datePublished":"2019-03-05T04:35:24+00:00","dateModified":"2023-05-02T04:45:28+00:00","description":"BioHotel Arara, hotel inspirado en la fascinante cultura Amaz\u00f3nica \u26fa. Llena de aventura y color \ud83d\ude0d, Vive el Amazonas.","breadcrumb":{"@id":"https:\/\/biohotelarara.com.co\/recomendaciones\/#breadcrumb"},"inLanguage":"pt-BR","potentialAction":[{"@type":"ReadAction","target":["https:\/\/biohotelarara.com.co\/recomendaciones\/"]}]},{"@type":"ImageObject","inLanguage":"pt-BR","@id":"https:\/\/biohotelarara.com.co\/recomendaciones\/#primaryimage","url":"https:\/\/biohotelarara.com.co\/wp-content\/uploads\/2023\/05\/02.png","contentUrl":"https:\/\/biohotelarara.com.co\/wp-content\/uploads\/2023\/05\/02.png","width":2682,"height":1495},{"@type":"BreadcrumbList","@id":"https:\/\/biohotelarara.com.co\/recomendaciones\/#breadcrumb","itemListElement":[{"@type":"ListItem","position":1,"name":"Inicio","item":"https:\/\/biohotelarara.com.co\/"},{"@type":"ListItem","position":2,"name":"Recomendaciones"}]},{"@type":"WebSite","@id":"https:\/\/biohotelarara.com.co\/#website","url":"https:\/\/biohotelarara.com.co\/","name":"BioHotel Arara","description":"Turismo sostenible en el Amazonas","publisher":{"@id":"https:\/\/biohotelarara.com.co\/#organization"},"potentialAction":[{"@type":"SearchAction","target":{"@type":"EntryPoint","urlTemplate":"https:\/\/biohotelarara.com.co\/?s={search_term_string}"},"query-input":{"@type":"PropertyValueSpecification","valueRequired":true,"valueName":"search_term_string"}}],"inLanguage":"pt-BR"},{"@type":"Organization","@id":"https:\/\/biohotelarara.com.co\/#organization","name":"BioHotel Arara River","url":"https:\/\/biohotelarara.com.co\/","logo":{"@type":"ImageObject","inLanguage":"pt-BR","@id":"https:\/\/biohotelarara.com.co\/#\/schema\/logo\/image\/","url":"https:\/\/biohotelarara.com.co\/wp-content\/uploads\/2014\/12\/logo-arara-195.png","contentUrl":"https:\/\/biohotelarara.com.co\/wp-content\/uploads\/2014\/12\/logo-arara-195.png","width":576,"height":195,"caption":"BioHotel Arara River"},"image":{"@id":"https:\/\/biohotelarara.com.co\/#\/schema\/logo\/image\/"},"sameAs":["https:\/\/www.facebook.com\/profile.php?id=100083774580508","https:\/\/instagram.com\/biohotelarara"]}]}},"_links":{"self":[{"href":"https:\/\/biohotelarara.com.co\/pt\/wp-json\/wp\/v2\/pages\/8422","targetHints":{"allow":["GET"]}}],"collection":[{"href":"https:\/\/biohotelarara.com.co\/pt\/wp-json\/wp\/v2\/pages"}],"about":[{"href":"https:\/\/biohotelarara.com.co\/pt\/wp-json\/wp\/v2\/types\/page"}],"author":[{"embeddable":true,"href":"https:\/\/biohotelarara.com.co\/pt\/wp-json\/wp\/v2\/users\/1"}],"replies":[{"embeddable":true,"href":"https:\/\/biohotelarara.com.co\/pt\/wp-json\/wp\/v2\/comments?post=8422"}],"version-history":[{"count":15,"href":"https:\/\/biohotelarara.com.co\/pt\/wp-json\/wp\/v2\/pages\/8422\/revisions"}],"predecessor-version":[{"id":10642,"href":"https:\/\/biohotelarara.com.co\/pt\/wp-json\/wp\/v2\/pages\/8422\/revisions\/10642"}],"wp:featuredmedia":[{"embeddable":true,"href":"https:\/\/biohotelarara.com.co\/pt\/wp-json\/wp\/v2\/media\/10868"}],"wp:attachment":[{"href":"https:\/\/biohotelarara.com.co\/pt\/wp-json\/wp\/v2\/media?parent=8422"}],"curies":[{"name":"wp","href":"https:\/\/api.w.org\/{rel}","templated":true}]}}